{"id":26,"date":"2016-06-24T04:39:42","date_gmt":"2016-06-24T04:39:42","guid":{"rendered":"http:\/\/localhost\/trithay.tv\/?page_id=26"},"modified":"2017-02-09T08:18:59","modified_gmt":"2017-02-09T01:18:59","slug":"dang-ky-membership","status":"publish","type":"page","link":"https:\/\/congtyphannguyen.com\/w\/trithay\/dang-ky-membership\/","title":{"rendered":"\u0110\u0102NG K\u00dd MEMBERSHIP"},"content":{"rendered":"<p>K\u00ednh g\u1eedi Qu\u00fd Hi\u1ec1n Gi\u1ea3 Tr\u00ed Th\u1ea5y v\u00e0 B\u1ea1n \u0111\u1ecdc!<\/p>\n<p>Sau h\u01a1n 03 th\u00e1ng tri\u1ec3n khai th\u1eed nghi\u1ec7m th\u00e0nh c\u00f4ng, Ch\u01b0\u01a1ng tr\u00ecnh <strong>Th\u1ebb Th\u00e0nh Vi\u00ean Tr\u00ed Th\u1ea5y <\/strong>\u0111\u00e3 ch\u00ednh th\u1ee9c \u0111\u01b0\u1ee3c tri\u1ec3n khai r\u1ed9ng r\u00e3i. Tham gia Th\u1ebb Th\u00e0nh Vi\u00ean l\u00e0 c\u00e1ch h\u1ecdc m\u1edbi \u00e1p d\u1ee5ng cho t\u1ea5t c\u1ea3 c\u00e1c Hi\u1ec1n gi\u1ea3 Tr\u00ed Th\u1ea5y v\u00e0 B\u1ea1n \u0111\u1ecdc tr\u00ean to\u00e0n c\u1ea7u. Ch\u00fang t\u00f4i tr\u00e2n tr\u1ecdng gi\u1edbi thi\u1ec7u v\u1ec1 Ch\u01b0\u01a1ng tr\u00ecnh \u0111\u1ec3 t\u1ea5t c\u1ea3 c\u00e1c Hi\u1ec1n gi\u1ea3 Tr\u00ed Th\u1ea5y v\u00e0 B\u1ea1n \u0110\u1ecdc c\u00f9ng tham gia:<\/p>\n<ul>\n<li><strong><u>N\u1ed9i dung ch\u01b0\u01a1ng tr\u00ecnh: <\/u><\/strong><\/li>\n<\/ul>\n<ul>\n<li>\u0110\u0103ng k\u00fd l\u00e0m th\u00e0nh vi\u00ean (Membership) \u0111\u1ec3 c\u00f3 th\u1ec3 ti\u1ebfp c\u1eadn ch\u01b0\u01a1ng tr\u00ecnh h\u1ecdc c\u1ee7a t\u00e1c gi\u1ea3 Aba m\u1ed9t c\u00e1ch nhanh ch\u00f3ng, nh\u1eb1m ph\u1ee5c v\u1ee5 cho vi\u1ec7c h\u1ecdc v\u00e0 th\u1ef1c h\u00e0nh ph\u01b0\u01a1ng ph\u00e1p Tr\u00ed Th\u1ea5y \u0111\u01b0\u1ee3c t\u1ed1t h\u01a1n;<\/li>\n<\/ul>\n<ul>\n<li><strong><u>M\u1ee5c \u0111\u00edch c\u1ee7a Ch\u01b0\u01a1ng tr\u00ecnh:<\/u><\/strong><\/li>\n<\/ul>\n<ul>\n<li>Ch\u0103m s\u00f3c vi\u1ec7c h\u1ecdc t\u1eadp v\u00e0 th\u1ef1c h\u00e0nh Ph\u01b0\u01a1ng Ph\u00e1p c\u1ee7a c\u00e1c Hi\u1ec1n gi\u1ea3 Tr\u00ed Th\u1ea5y;<\/li>\n<li>Chi ph\u00ed thu \u0111\u01b0\u1ee3c s\u1ebd ph\u1ee5c v\u1ee5 v\u00e0o vi\u1ec7c n\u00e2ng c\u1ea5p ph\u01b0\u01a1ng ti\u1ec7n h\u1ecdc t\u1eadp cho c\u00e1c Hi\u1ec1n gi\u1ea3 to\u00e0n c\u1ea7u nh\u01b0: N\u00e2ng c\u1ea5p \u0111\u01b0\u1eddng truy\u1ec1n, internet, trang b\u1ecb c\u00e1c ph\u01b0\u01a1ng ti\u1ec7n k\u1ef9 thu\u1eadt\u2026<\/li>\n<\/ul>\n<ul>\n<li><strong><u>Quy\u1ec1n l\u1ee3i c\u00e1c th\u00e0nh vi\u00ean \u0111\u01b0\u1ee3c h\u01b0\u1edfng<\/u><\/strong>:<\/li>\n<\/ul>\n<ul>\n<li>\u0110\u01b0\u1ee3c tham gia c\u00e1c kh\u00f3a h\u1ecdc tr\u1ef1c ti\u1ebfp v\u00e0 trao \u0111\u1ed5i c\u00f9ng t\u00e1c gi\u1ea3;<\/li>\n<li>\u0110\u01b0\u1ee3c chuy\u1ec3n t\u00e0i li\u1ec7u h\u1ecdc t\u1eadp mi\u1ec5n ph\u00ed do \u0111\u1ed9i ng\u0169 k\u1ef9 thu\u1eadt c\u1ee7a c\u00f4ng ty \u0111\u1ea3m nh\u1eadn v\u00e0 h\u1ed7 tr\u1ee3 v\u1ec1 m\u1eb7t k\u1ef9 thu\u1eadt;<\/li>\n<li>\u0110\u01b0\u1ee3c m\u1eddi tham gia c\u00e1c bu\u1ed5i chia s\u1ebb online v\u00e0 offline; c\u00e1c s\u1ef1 ki\u1ec7n do C\u00f4ng ty CP Tr\u00ed Th\u1ea5y t\u1ed5 ch\u1ee9c;<\/li>\n<li>\u0110\u01b0\u1ee3c h\u01b0\u1edfng nh\u1eefng ch\u00ednh s\u00e1ch \u01b0u \u0111\u00e3i v\u1ec1 s\u1ea3n ph\u1ea9m c\u1ee7a c\u00f4ng ty CP Tr\u00ed Th\u1ea5y;<\/li>\n<li>V\u00e0 nh\u1eefng quy\u1ec1n l\u1ee3i kh\u00e1c\u2026<\/li>\n<\/ul>\n<p><strong><u>L\u01b0u \u00fd:<\/u><\/strong><\/p>\n<ul>\n<li>Doanh thu t\u1eeb ngu\u1ed3n th\u1ebb th\u00e0nh vi\u00ean s\u1ebd \u0111\u01b0\u1ee3c s\u1eed d\u1ee5ng cho ch\u00ednh vi\u1ec7c h\u1ecdc t\u1eadp c\u1ee7a c\u00e1c Hi\u1ec1n gi\u1ea3 Tr\u00ed Th\u1ea5y;<\/li>\n<\/ul>\n<p>M\u1ecdi th\u00f4ng tin chi ti\u1ebft v\u1ec1 ch\u01b0\u01a1ng tr\u00ecnh Th\u1ebb Th\u00e0nh Vi\u00ean Tr\u00ed Th\u1ea5y, vui l\u00f2ng li\u00ean h\u1ec7:<\/p>\n<p><u>T\u1ea1i H\u00e0 N\u1ed9i\u00a0\u00a0 :<\/u> 0902 242409<\/p>\n<p><u>T\u1ea1i TP.HCM:<\/u> 0903 352929<\/p>\n<p>Ho\u1eb7c g\u1eedi v\u1ec1 donghanh@trithay.vn<\/p>\n<p>&nbsp;<\/p>\n<p>Tr\u00e2n tr\u1ecdng,<\/p>\n<p><strong>C\u00f4ng ty C\u1ed5 ph\u1ea7n Tr\u00ed Th\u1ea5y<\/strong><\/p>\n<p>&nbsp;<\/p>\n","protected":false},"excerpt":{"rendered":"<p>K\u00ednh g\u1eedi Qu\u00fd Hi\u1ec1n Gi\u1ea3 Tr\u00ed Th\u1ea5y v\u00e0 B\u1ea1n \u0111\u1ecdc! Sau h\u01a1n 03 th\u00e1ng tri\u1ec3n khai th\u1eed nghi\u1ec7m th\u00e0nh c\u00f4ng, Ch\u01b0\u01a1ng tr\u00ecnh Th\u1ebb Th\u00e0nh Vi\u00ean Tr\u00ed Th\u1ea5y \u0111\u00e3 ch\u00ednh th\u1ee9c \u0111\u01b0\u1ee3c tri\u1ec3n khai r\u1ed9ng r\u00e3i. Tham gia Th\u1ebb Th\u00e0nh Vi\u00ean l\u00e0 c\u00e1ch h\u1ecdc m\u1edbi \u00e1p d\u1ee5ng cho t\u1ea5t c\u1ea3 c\u00e1c Hi\u1ec1n gi\u1ea3 Tr\u00ed Th\u1ea5y v\u00e0 &#8230;<\/p>\n","protected":false},"author":1,"featured_media":547,"parent":0,"menu_order":0,"comment_status":"closed","ping_status":"closed","template":"","meta":[],"_links":{"self":[{"href":"https:\/\/congtyphannguyen.com\/w\/trithay\/wp-json\/wp\/v2\/pages\/26"}],"collection":[{"href":"https:\/\/congtyphannguyen.com\/w\/trithay\/wp-json\/wp\/v2\/pages"}],"about":[{"href":"https:\/\/congtyphannguyen.com\/w\/trithay\/wp-json\/wp\/v2\/types\/page"}],"author":[{"embeddable":true,"href":"https:\/\/congtyphannguyen.com\/w\/trithay\/wp-json\/wp\/v2\/users\/1"}],"replies":[{"embeddable":true,"href":"https:\/\/congtyphannguyen.com\/w\/trithay\/wp-json\/wp\/v2\/comments?post=26"}],"version-history":[{"count":2,"href":"https:\/\/congtyphannguyen.com\/w\/trithay\/wp-json\/wp\/v2\/pages\/26\/revisions"}],"predecessor-version":[{"id":264,"href":"https:\/\/congtyphannguyen.com\/w\/trithay\/wp-json\/wp\/v2\/pages\/26\/revisions\/264"}],"wp:featuredmedia":[{"embeddable":true,"href":"https:\/\/congtyphannguyen.com\/w\/trithay\/wp-json\/wp\/v2\/media\/547"}],"wp:attachment":[{"href":"https:\/\/congtyphannguyen.com\/w\/trithay\/wp-json\/wp\/v2\/media?parent=26"}],"curies":[{"name":"wp","href":"https:\/\/api.w.org\/{rel}","templated":true}]}}