{"id":790,"date":"2017-02-09T12:04:06","date_gmt":"2017-02-09T05:04:06","guid":{"rendered":"http:\/\/trithay.tv\/?page_id=790"},"modified":"2017-02-09T15:08:19","modified_gmt":"2017-02-09T08:08:19","slug":"tac-pham-moi","status":"publish","type":"page","link":"https:\/\/congtyphannguyen.com\/w\/trithay\/lien-he\/tac-pham-moi\/","title":{"rendered":"T\u00e1c ph\u1ea9m m\u1edbi"},"content":{"rendered":"<p>M\u1eddi c\u00e1c \u0111\u1ed9c gi\u1ea3 tham kh\u1ea3o th\u00eam c\u00e1c t\u00e1c ph\u1ea9m m\u1edbi c\u1ee7a t\u00e1c gi\u1ea3 Aba:<\/p>\n<p><span style=\"color: #000000;\"><strong>A. Cu\u1ed1n s\u00e1ch: N\u1ec0N T\u1ea2NG V\u00d4 T\u1eacN C\u1ee6A TR\u00cd TU\u1ec6 V\u00c0 T\u00ccNH Y\u00caU (s\u00e1ch m\u00e0u chu\u1ea9n b\u1ecb ph\u00e1t h\u00e0nh)<\/strong><\/span><\/p>\n<p><span style=\"color: #000000;\"><strong><span style=\"text-decoration: underline;\"><span>B. USB ch\u1ee7 \u0111\u1ec1 V\u00f5 Th\u1ea5y g\u1ed3m 30 b\u00e0i n\u00f3i chuy\u1ec7n c\u1ee7a t\u00e1c gi\u1ea3 Aba (chu\u1ea9n b\u1ecb ph\u00e1t h\u00e0nh)<\/span><\/span><\/strong><\/span><\/p>\n<p><span style=\"color: #000000;\"><strong><span style=\"text-decoration: underline;\"><span>C. USB ch\u1ee7 \u0111\u1ec1 M\u1eadt Tr\u00ed bao g\u1ed3m 10 b\u00e0i n\u00f3i chuy\u1ec7n:<\/span><\/span><\/strong><\/span><\/p>\n<p>1. C\u1ed1t l\u00f5i c\u1ee7a h\u1ecdc thuy\u1ebft <a href=\"http:\/\/trithay.vn\/\">Tr\u00ed Th\u1ea5y<\/a><\/p>\n<p>2. M\u1eadt m\u00e3 <a href=\"http:\/\/trithay.tv\/album\/hanh-trang-vao-doi\/\">h\u00e0nh trang v\u00e0o \u0111\u1eddi<\/a><\/p>\n<p>3. \u1ee8ng d\u1ee5ng M\u1eadt Tr\u00ed \u0111\u1ec3 hi\u1ec3u con ng\u01b0\u1eddi<\/p>\n<p>4. Hi\u1ec3u bi\u1ebft h\u01a1n thua v\u00e0 hi\u1ec3u bi\u1ebft ngo\u00e0i kinh nghi\u1ec7m<\/p>\n<p>5. Ng\u0103n ng\u1eeba s\u1ef1 hi\u1ec3u bi\u1ebft do ti\u00eam nhi\u1ec5m<\/p>\n<p>6. Kh\u00e1m ph\u00e1 M\u1eadt Tr\u00ed hay b\u00ed m\u1eadt tri th\u1ee9c lo\u00e0i ng\u01b0\u1eddi<\/p>\n<p>7. B\u1ed1 d\u1ea1y con nh\u00e9<\/p>\n<p>8. Gi\u00fap tr\u1ebb nh\u1eadn th\u1ee9c v\u00e0 ph\u00e1t tri\u1ec3n s\u1ef1 hi\u1ec3u bi\u1ebft \u0111\u1ed9c l\u1eadp<\/p>\n<p>9. V\u1ecb tr\u00ed cao nh\u1ea5t s\u1ee9c m\u1ea1nh m\u1ea1nh nh\u1ea5t<\/p>\n<p>10. Quy\u1ec1n l\u1ef1c v\u00e0 th\u1ef1c thi quy\u1ec1n l\u1ef1c theo h\u1ecdc thuy\u1ebft Tr\u00ed Th\u1ea5y<\/p>\n<p><span style=\"text-decoration: underline; color: #000000;\"><strong><span>D. USB ch\u1ee7 \u0111\u1ec1 Gi\u1ecdt M\u00e1u L\u00e3nh T\u1ee5 g\u1ed3m 10 b\u00e0i n\u00f3i chuy\u1ec7n:<\/span><\/strong><\/span><\/p>\n<p>1. Vi\u1ebft l\u1ecbch s\u1eed cho con<\/p>\n<p>2. Gi\u00e1o d\u1ee5c thi\u1ebfn hay gi\u00e1o d\u1ee5c t\u1ef1 do; H\u00ecnh th\u00f9 thi\u00ean nhi\u00ean trong gi\u1ecdt m\u00e1u l\u00e3nh t\u1ee5<\/p>\n<p>3. \u00c1nh s\u00e1ng v\u00e0 m\u00f4i tr\u01b0\u1eddng cho s\u1ef1 ra \u0111\u1eddi c\u1ee7a gi\u1ecdt m\u00e1u l\u00e3nh t\u1ee5<\/p>\n<p>4. T\u1ea7m nh\u00ecn c\u1ee7a ng\u01b0\u1eddi l\u00e3nh t\u1ee5; \u0110\u1ea7u \u00f3c c\u1ee7a ng\u01b0\u1eddi l\u00e3nh t\u1ee5 l\u00e0 v\u1ecb th\u1ebf c\u1ee7a m\u1eb7t tr\u1eddi<\/p>\n<p>5. N\u1ec1n gi\u00e1o d\u1ee5c l\u00e3nh t\u1ee5<\/p>\n<p>6. Giao l\u01b0u tr\u1ef1c tuy\u1ebfn ch\u1ee7 \u0111\u1ec1 gi\u1ecdt m\u00e1u l\u00e3nh t\u1ee5<\/p>\n<p>7. L\u00e0m sao ng\u0103n ng\u1eeba t\u00ednh \u0111\u1ed9c t\u00e0i; Gi\u00fap tr\u1ebb xo\u00e1 b\u1ecf h\u00ecnh \u1ea3nh x\u1ea5u c\u1ee7a ng\u01b0\u1eddi l\u1edbn.<\/p>\n<p>8. T\u1ea1o b\u1ed9 r\u1ec5 v\u1eefng ch\u1eafc cho \u0111\u1ea7u \u00f3c; T\u1ef1 l\u1ef1c \u0111i l\u00ean; C\u00e1ch l\u00e0m ra ti\u1ec1n v\u00e0 ti\u00eau ti\u1ec1n c\u1ee7a gi\u1ecdt m\u00e1u l\u00e3nh t\u1ee5<\/p>\n<p>9. ABA n\u00f3i chuy\u1ec7n v\u1edbi b\u1ed1 m\u1eb9 c\u1ee7a c\u00e1c b\u00e9 Qu\u1ed1c Ph\u00fa, Qu\u1ed1c T\u01b0\u1edfng v\u00e0 Ch\u00e2u \u00c2u ( Ph\u1ea7n 1)<\/p>\n<p>10. ABA n\u00f3i chuy\u1ec7n v\u1edbi b\u1ed1 m\u1eb9 c\u1ee7a c\u00e1c b\u00e9 Qu\u1ed1c Ph\u00fa, Qu\u1ed1c T\u01b0\u1edfng v\u00e0 Ch\u00e2u \u00c2u ( Ph\u1ea7n 2)<\/p>\n<p><span style=\"text-decoration: underline; color: #000000;\"><strong><span>E. B\u1ed9 s\u00e1ch n\u1ed9i b\u1ed9:<\/span><\/strong><\/span><\/p>\n<p>1, Nh\u1eadt k\u00fd Bangkok<\/p>\n<p>2, Nh\u1eadt K\u00fd Pattaya<\/p>\n<p>3, Nh\u1eadt k\u00fd Amari nu\u00f4i d\u01b0\u1ee1ng thi\u00ean t\u00ednh<\/p>\n<p>4, Nh\u1eadt k\u00fd Chiang Mai<\/p>\n<p>\u0110\u1ec3 bi\u1ebft th\u00eam th\u00f4ng tin chi ti\u1ebft, xin m\u1eddi c\u00e1c \u0111\u1ed9c gi\u1ea3 li\u00ean h\u1ec7 s\u1ed1 \u0111t: 0982.25.25.50 , 0902.24.24.09 ho\u1eb7c 0903.35.2929<\/p>\n<p>Tr\u00e2n tr\u1ecdng c\u00e1m \u01a1n!<\/p>\n","protected":false},"excerpt":{"rendered":"<p>M\u1eddi c\u00e1c \u0111\u1ed9c gi\u1ea3 tham kh\u1ea3o th\u00eam c\u00e1c t\u00e1c ph\u1ea9m m\u1edbi c\u1ee7a t\u00e1c gi\u1ea3 Aba: A. Cu\u1ed1n s\u00e1ch: N\u1ec0N T\u1ea2NG V\u00d4 T\u1eacN C\u1ee6A TR\u00cd TU\u1ec6 V\u00c0 T\u00ccNH Y\u00caU (s\u00e1ch m\u00e0u chu\u1ea9n b\u1ecb ph\u00e1t h\u00e0nh) B. USB ch\u1ee7 \u0111\u1ec1 V\u00f5 Th\u1ea5y g\u1ed3m 30 b\u00e0i n\u00f3i chuy\u1ec7n c\u1ee7a t\u00e1c gi\u1ea3 Aba (chu\u1ea9n b\u1ecb ph\u00e1t h\u00e0nh) C. USB &#8230;<\/p>\n","protected":false},"author":16,"featured_media":0,"parent":22,"menu_order":0,"comment_status":"open","ping_status":"closed","template":"","meta":[],"_links":{"self":[{"href":"https:\/\/congtyphannguyen.com\/w\/trithay\/wp-json\/wp\/v2\/pages\/790"}],"collection":[{"href":"https:\/\/congtyphannguyen.com\/w\/trithay\/wp-json\/wp\/v2\/pages"}],"about":[{"href":"https:\/\/congtyphannguyen.com\/w\/trithay\/wp-json\/wp\/v2\/types\/page"}],"author":[{"embeddable":true,"href":"https:\/\/congtyphannguyen.com\/w\/trithay\/wp-json\/wp\/v2\/users\/16"}],"replies":[{"embeddable":true,"href":"https:\/\/congtyphannguyen.com\/w\/trithay\/wp-json\/wp\/v2\/comments?post=790"}],"version-history":[{"count":0,"href":"https:\/\/congtyphannguyen.com\/w\/trithay\/wp-json\/wp\/v2\/pages\/790\/revisions"}],"up":[{"embeddable":true,"href":"https:\/\/congtyphannguyen.com\/w\/trithay\/wp-json\/wp\/v2\/pages\/22"}],"wp:attachment":[{"href":"https:\/\/congtyphannguyen.com\/w\/trithay\/wp-json\/wp\/v2\/media?parent=790"}],"curies":[{"name":"wp","href":"https:\/\/api.w.org\/{rel}","templated":true}]}}