{"id":21,"date":"2017-07-19T16:27:41","date_gmt":"2017-07-19T09:27:41","guid":{"rendered":"https:\/\/bizhostvn.com\/w\/vivaclinic\/?page_id=21"},"modified":"2018-03-01T16:57:09","modified_gmt":"2018-03-01T09:57:09","slug":"gioi-thieu","status":"publish","type":"page","link":"https:\/\/congtyphannguyen.com\/w\/vivaclinic\/gioi-thieu\/","title":{"rendered":"Gi\u1edbi thi\u1ec7u"},"content":{"rendered":"\t<div class=\"img has-hover x md-x lg-x y md-y lg-y\" id=\"image_1351955798\">\n\t\t\t\t\t\t\t\t<div class=\"img-inner image-cover dark\" style=\"padding-top:25%;\">\n\t\t\t<img width=\"1200\" height=\"401\" src=\"https:\/\/congtyphannguyen.com\/w\/vivaclinic\/wp-content\/uploads\/2017\/07\/banner34.jpg\" class=\"attachment-original size-original\" alt=\"\" loading=\"lazy\" srcset=\"https:\/\/congtyphannguyen.com\/w\/vivaclinic\/wp-content\/uploads\/2017\/07\/banner34.jpg 1200w, https:\/\/congtyphannguyen.com\/w\/vivaclinic\/wp-content\/uploads\/2017\/07\/banner34-300x100.jpg 300w, https:\/\/congtyphannguyen.com\/w\/vivaclinic\/wp-content\/uploads\/2017\/07\/banner34-768x257.jpg 768w, https:\/\/congtyphannguyen.com\/w\/vivaclinic\/wp-content\/uploads\/2017\/07\/banner34-1024x342.jpg 1024w\" sizes=\"(max-width: 1200px) 100vw, 1200px\" \/>\t\t\t\t\t\t\n\t\t\t\t\t<\/div>\n\t\t\t\t\t\t\t\t\n<style scope=\"scope\">\n\n#image_1351955798 {\n  width: 100%;\n}\n<\/style>\n\t<\/div>\n\t\n\t<section class=\"section\" id=\"section_1537174332\">\n\t\t<div class=\"bg section-bg fill bg-fill  bg-loaded\" >\n\n\t\t\t\n\t\t\t\n\t\t\t\n\n\t\t<\/div><!-- .section-bg -->\n\n\t\t<div class=\"section-content relative\">\n\t\t\t\n<div class=\"row row-small\"  id=\"row-1405976453\">\n<div class=\"col medium-6 small-12 large-6\"  ><div class=\"col-inner\"  >\n<ul>\n<li class=\"bullet-star\">B\u1ea1n \u0111ang t\u00ecm ki\u1ebfm m\u1ed9t ph\u00f2ng kh\u00e1m \u0111\u1ec3 duy tr\u00ec s\u1ee9c kh\u1ecfe r\u0103ng mi\u1ec7ng?<\/li>\n<li class=\"bullet-star\">B\u1ea1n c\u00f3 m\u1ed9t n\u1ee5 c\u01b0\u1eddi t\u1ecfa n\u1eafng?<\/li>\n<li class=\"bullet-star\">Hay b\u1ea1n mu\u1ed1n x\u00f3a c\u00e1c v\u1ebft \u0111\u1ed3i m\u1ed3i, n\u00e1m da, nh\u1eefng n\u1ed1t m\u1ee5n kh\u00f4ng mong mu\u1ed1n&#8230;?<\/li>\n<\/ul>\n<p>V\u1edbi \u0111\u1ed9i ng\u0169 b\u00e1c s\u1ef9 chuy\u00ean m\u00f4n cao, c\u00f9ng v\u1edbi trang thi\u1ebft b\u1ecb hi\u1ec7n \u0111\u1ea1i ti\u00ean ti\u1ebfn, ch\u00fang t\u00f4i c\u00f3 \u0111\u1ee7 li\u1ec7u tr\u00ecnh \u0111i\u1ec1u tr\u1ecb ph\u00f9 h\u1ee3p cho b\u1ea1n!<\/p>\n<h3 style=\"text-align: left;\"><span style=\"font-size: 100%; color: #000000;\">\u00a0Ch\u00fang t\u00f4i d\u00f9ng khoa h\u1ecdc \u00a0\u0111\u1ec3 l\u00e0m \u0111\u1eb9p \u0111\u00fang &amp; t\u1eadn t\u00e2m<\/span><\/h3>\n<p>B\u00e1c s\u1ef9 t\u1ed1t s\u1ebd lu\u00f4n mong l\u00e0n da v\u00e0 h\u00e0m r\u0103ng c\u1ee7a b\u1ea1n \u0111\u01b0\u1ee3c \u0111\u1eb9p ch\u1ee9 kh\u00f4ng ph\u1ea3i v\u00ec nh\u1eefng m\u1ee5c \u0111\u00edch kh\u00e1c.\u00a0B\u00e1c s\u1ef9 t\u1ed1t l\u00e0 ng\u01b0\u1eddi gi\u00fap b\u1ea1n hi\u1ec3u r\u00f5 vi\u1ec7c ch\u0103m s\u00f3c r\u0103ng mi\u1ec7ng v\u00e0 l\u00e0n da t\u1eeb nh\u1eefng vi\u1ec7c nh\u1ecf nh\u1ea5t nh\u01b0 \u0111\u00e1nh r\u0103ng v\u00e0 b\u1ea3o v\u1ec7 l\u00e0n da \u0111\u00fang c\u00e1ch m\u1edbi l\u00e0 \u0111i\u1ec1u quan tr\u1ecdng nh\u1ea5t,&#8230;<\/p>\n<a rel=\"noopener noreferrer\" href=\"https:\/\/bizhostvn.com\/w\/vivaclinic\/lien-he\/\" target=\"_blank\" class=\"button primary lowercase\"  >\n  <i class=\"icon-phone\" ><\/i>  <span>Li\u00ean h\u1ec7 ngay<\/span>\n  <\/a>\n\n<a rel=\"noopener noreferrer\" href=\"http:\/\/www.messenger.com\/t\/joseph.thien.75\" target=\"_blank\" class=\"button secondary lowercase\"  >\n  <i class=\"icon-facebook\" ><\/i>  <span>Chat Facebook<\/span>\n  <\/a>\n\n<\/div><\/div>\n<div class=\"col medium-6 small-12 large-6\"  ><div class=\"col-inner\"  >\n\t<div class=\"img has-hover x md-x lg-x y md-y lg-y\" id=\"image_1305285884\">\n\t\t\t\t\t\t\t\t<div class=\"img-inner dark\" >\n\t\t\t<img width=\"1200\" height=\"928\" src=\"https:\/\/congtyphannguyen.com\/w\/vivaclinic\/wp-content\/uploads\/2017\/07\/gioi-thieu-vivaclinic.jpg\" class=\"attachment-original size-original\" alt=\"\" loading=\"lazy\" srcset=\"https:\/\/congtyphannguyen.com\/w\/vivaclinic\/wp-content\/uploads\/2017\/07\/gioi-thieu-vivaclinic.jpg 1200w, https:\/\/congtyphannguyen.com\/w\/vivaclinic\/wp-content\/uploads\/2017\/07\/gioi-thieu-vivaclinic-300x232.jpg 300w, https:\/\/congtyphannguyen.com\/w\/vivaclinic\/wp-content\/uploads\/2017\/07\/gioi-thieu-vivaclinic-768x594.jpg 768w, https:\/\/congtyphannguyen.com\/w\/vivaclinic\/wp-content\/uploads\/2017\/07\/gioi-thieu-vivaclinic-1024x792.jpg 1024w\" sizes=\"(max-width: 1200px) 100vw, 1200px\" \/>\t\t\t\t\t\t\n\t\t\t\t\t<\/div>\n\t\t\t\t\t\t\t\t\n<style scope=\"scope\">\n\n#image_1305285884 {\n  width: 100%;\n}\n<\/style>\n\t<\/div>\n\t\n<\/div><\/div>\n\n<style scope=\"scope\">\n\n<\/style>\n<\/div>\n\t\t<\/div><!-- .section-content -->\n\n\t\t\n<style scope=\"scope\">\n\n#section_1537174332 {\n  padding-top: 30px;\n  padding-bottom: 30px;\n}\n<\/style>\n\t<\/section>\n\t\n\t<section class=\"section\" id=\"section_1062791237\">\n\t\t<div class=\"bg section-bg fill bg-fill  \" >\n\n\t\t\t\n\t\t\t\n\t\t\t\n\n\t\t<\/div><!-- .section-bg -->\n\n\t\t<div class=\"section-content relative\">\n\t\t\t\n<div class=\"row row-small gioi-thieu-page\"  id=\"row-73251597\">\n<div class=\"col medium-6 small-12 large-6\"  ><div class=\"col-inner\"  >\n<h3 style=\"text-align: center;\"><span style=\"font-size: 120%; color: #000000;\">Vi\u1ec7n th\u1ea9m m\u1ef9 Clinic<\/span><\/h3>\n<p><img loading=\"lazy\" class=\"aligncenter wp-image-305\" src=\"https:\/\/bizhostvn.com\/w\/vivaclinic\/wp-content\/uploads\/2017\/07\/SHARP.png\" alt=\"\" width=\"150\" height=\"38\" \/><\/p>\n<p>C\u00f3 \u0111\u1ea7y \u0111\u1ee7 nh\u1eefng ph\u01b0\u01a1ng ph\u00e1p \u0111i\u1ec1u tr\u1ecb v\u00e0 trang thi\u1ebft b\u1ecb hi\u1ec7n \u0111\u1ea1i nh\u1ea5t, gi\u00fap th\u1ef1c hi\u1ec7n li\u1ec7u tr\u00ecnh \u0111i\u1ec1u tr\u1ecb th\u1ea9m m\u1ef9 an to\u00e0n v\u00e0 hi\u1ec7u qu\u1ea3 nh\u1ea5t cho m\u1ecdi kh\u00e1ch h\u00e0ng:<\/p>\n<ul>\n<li class=\"bullet-star bullet-arrow\">C\u00f4ng ngh\u1ec7 \u0111\u1ed9c quy\u1ec1n <strong>BR Skin <\/strong>gi\u00fap \u0111i\u1ec1u tr\u1ecb n\u00e1m, t\u00e0n nhan, l\u1ed7 ch\u00e2n l\u00f4ng to.<\/li>\n<li class=\"bullet-star bullet-arrow\">Lorem ipsum dolor sit amet, consectetuer adipiscing elit,\u00a0consectetuer adipiscing elit,<\/li>\n<li class=\"bullet-star bullet-arrow\">C\u00f4ng ngh\u1ec7 \u0111\u1ed9c quy\u1ec1n <strong>BR Skin <\/strong>gi\u00fap \u0111i\u1ec1u tr\u1ecb n\u00e1m, t\u00e0n nhan, l\u1ed7 ch\u00e2n l\u00f4ng to.<\/li>\n<li class=\"bullet-star bullet-arrow\">Lorem ipsum dolor sit amet, consectetuer adipiscing elit,\u00a0consectetuer adipiscing elit,<\/li>\n<\/ul>\n<\/div><\/div>\n<div class=\"col medium-6 small-12 large-6\"  ><div class=\"col-inner\"  >\n<h3 style=\"text-align: center;\"><span style=\"font-size: 120%; color: #000000;\">Nha khoa Clinic<\/span><\/h3>\n<p><img loading=\"lazy\" class=\"aligncenter wp-image-305\" src=\"https:\/\/bizhostvn.com\/w\/vivaclinic\/wp-content\/uploads\/2017\/07\/SHARP.png\" alt=\"\" width=\"150\" height=\"38\" \/><\/p>\n<p>C\u00f3 \u0111\u1ea7y \u0111\u1ee7 nh\u1eefng ph\u01b0\u01a1ng ph\u00e1p \u0111i\u1ec1u tr\u1ecb v\u00e0 trang thi\u1ebft b\u1ecb hi\u1ec7n \u0111\u1ea1i nh\u1ea5t, gi\u00fap th\u1ef1c hi\u1ec7n li\u1ec7u tr\u00ecnh \u0111i\u1ec1u tr\u1ecb th\u1ea9m m\u1ef9 an to\u00e0n v\u00e0 hi\u1ec7u qu\u1ea3 nh\u1ea5t cho m\u1ecdi kh\u00e1ch h\u00e0ng:<\/p>\n<ul>\n<li class=\"bullet-star bullet-arrow\">C\u00f4ng ngh\u1ec7 \u0111\u1ed9c quy\u1ec1n <strong>BR Skin <\/strong>gi\u00fap \u0111i\u1ec1u tr\u1ecb n\u00e1m, t\u00e0n nhan, l\u1ed7 ch\u00e2n l\u00f4ng to.<\/li>\n<li class=\"bullet-star bullet-arrow\">Lorem ipsum dolor sit amet, consectetuer adipiscing elit,\u00a0consectetuer adipiscing elit,<\/li>\n<li class=\"bullet-star bullet-arrow\">C\u00f4ng ngh\u1ec7 \u0111\u1ed9c quy\u1ec1n <strong>BR Skin <\/strong>gi\u00fap \u0111i\u1ec1u tr\u1ecb n\u00e1m, t\u00e0n nhan, l\u1ed7 ch\u00e2n l\u00f4ng to.<\/li>\n<li class=\"bullet-star bullet-arrow\">Lorem ipsum dolor sit amet, consectetuer adipiscing elit,\u00a0consectetuer adipiscing elit,<\/li>\n<\/ul>\n<\/div><\/div>\n\n<style scope=\"scope\">\n\n#row-73251597 > .col > .col-inner {\n  background-color: rgb(255, 255, 255);\n}\n<\/style>\n<\/div>\n\t\t<\/div><!-- .section-content -->\n\n\t\t\n<style scope=\"scope\">\n\n#section_1062791237 {\n  padding-top: 30px;\n  padding-bottom: 30px;\n}\n#section_1062791237 .section-bg.bg-loaded {\n  background-image: url(https:\/\/congtyphannguyen.com\/w\/vivaclinic\/wp-content\/uploads\/2017\/07\/banner3.jpg);\n}\n<\/style>\n\t<\/section>\n\t\n\t<section class=\"section\" id=\"section_1198198524\">\n\t\t<div class=\"bg section-bg fill bg-fill  bg-loaded\" >\n\n\t\t\t\n\t\t\t\n\t\t\t\n\n\t\t<\/div><!-- .section-bg -->\n\n\t\t<div class=\"section-content relative\">\n\t\t\t\n<div class=\"row row-small\"  id=\"row-1814486302\">\n<div class=\"col medium-3 small-6 large-3\"  ><div class=\"col-inner\"  >\n\n\t\t<div class=\"icon-box featured-box icon-box-center text-center\"  >\n\t\t\t\t\t<div class=\"icon-box-img\" style=\"width: 90px\">\n\t\t\t\t<div class=\"icon\">\n\t\t\t\t\t<div class=\"icon-inner\" >\n\t\t\t\t\t\t<img width=\"90\" height=\"90\" src=\"https:\/\/congtyphannguyen.com\/w\/vivaclinic\/wp-content\/uploads\/2017\/07\/2.png\" class=\"attachment-medium size-medium\" alt=\"\" loading=\"lazy\" \/>\t\t\t\t\t<\/div>\n\t\t\t\t<\/div>\n\t\t\t<\/div>\n\t\t\t\t<div class=\"icon-box-text last-reset\">\n\t\t\t\t\t\t\t\t\t\n<h3 style=\"text-align: center;\"><span style=\"font-size: 100%;\"><a href=\"https:\/\/bizhostvn.com\/w\/vivaclinic\/dieu-tri-da\/\"><span style=\"color: #000000;\">\u0110i\u1ec1u tr\u1ecb da<\/span><\/a><\/span><\/h3>\n<p style=\"text-align: center;\"><span style=\"font-size: 90%;\">Lorem ipsum dolor sit amet, consectetuer adipiscing elit, sed diam nonummy nibh euismod tincidunt ut laoreet dolore magna aliquam erat volutpat&#8230;.<\/span><\/p>\n\t\t<\/div>\n\t<\/div><!-- .icon-box -->\n\t\n\t\n<\/div><\/div>\n<div class=\"col medium-3 small-6 large-3\"  ><div class=\"col-inner\"  >\n\n\t\t<div class=\"icon-box featured-box icon-box-center text-center\"  >\n\t\t\t\t\t<div class=\"icon-box-img\" style=\"width: 90px\">\n\t\t\t\t<div class=\"icon\">\n\t\t\t\t\t<div class=\"icon-inner\" >\n\t\t\t\t\t\t<img width=\"300\" height=\"300\" src=\"https:\/\/congtyphannguyen.com\/w\/vivaclinic\/wp-content\/uploads\/2017\/07\/cang-da-300x300.png\" class=\"attachment-medium size-medium\" alt=\"\" loading=\"lazy\" srcset=\"https:\/\/congtyphannguyen.com\/w\/vivaclinic\/wp-content\/uploads\/2017\/07\/cang-da-300x300.png 300w, https:\/\/congtyphannguyen.com\/w\/vivaclinic\/wp-content\/uploads\/2017\/07\/cang-da-300x300-150x150.png 150w\" sizes=\"(max-width: 300px) 100vw, 300px\" \/>\t\t\t\t\t<\/div>\n\t\t\t\t<\/div>\n\t\t\t<\/div>\n\t\t\t\t<div class=\"icon-box-text last-reset\">\n\t\t\t\t\t\t\t\t\t\n<h3 style=\"text-align: center;\"><span style=\"font-size: 100%;\"><a href=\"https:\/\/bizhostvn.com\/w\/vivaclinic\/tham-my-da\/\"><span style=\"color: #000000;\"><span style=\"line-height: 45.36px;\">Th\u1ea9m m\u1ef9 da<\/span><\/span><\/a><\/span><\/h3>\n<p style=\"text-align: center;\"><span style=\"font-size: 90%; color: #000000; line-height: inherit;\">Lorem ipsum dolor sit amet, consectetuer adipiscing elit, sed diam nonummy nibh euismod tincidunt ut laoreet dolore magna aliquam erat volutpat&#8230;.<\/span><\/p>\n\t\t<\/div>\n\t<\/div><!-- .icon-box -->\n\t\n\t\n<\/div><\/div>\n<div class=\"col medium-3 small-6 large-3\"  ><div class=\"col-inner\"  >\n\n\t\t<div class=\"icon-box featured-box icon-box-center text-center\"  >\n\t\t\t\t\t<div class=\"icon-box-img\" style=\"width: 90px\">\n\t\t\t\t<div class=\"icon\">\n\t\t\t\t\t<div class=\"icon-inner\" >\n\t\t\t\t\t\t<img width=\"90\" height=\"90\" src=\"https:\/\/congtyphannguyen.com\/w\/vivaclinic\/wp-content\/uploads\/2017\/07\/icon-6.png\" class=\"attachment-medium size-medium\" alt=\"\" loading=\"lazy\" \/>\t\t\t\t\t<\/div>\n\t\t\t\t<\/div>\n\t\t\t<\/div>\n\t\t\t\t<div class=\"icon-box-text last-reset\">\n\t\t\t\t\t\t\t\t\t\n<h3 style=\"text-align: center;\"><span style=\"font-size: 100%;\"><a href=\"https:\/\/bizhostvn.com\/w\/vivaclinic\/nieng-rang-tham-my\/\"><span style=\"color: #000000;\">Ni\u1ec1ng r\u0103ng \u0111\u1eb9p<\/span><\/a><\/span><\/h3>\n<p style=\"text-align: center;\"><span style=\"color: #000000; line-height: inherit; font-size: 90%;\">Lorem ipsum dolor sit amet, consectetuer adipiscing elit, sed diam nonummy nibh euismod tincidunt ut laoreet dolore magna aliquam erat volutpat&#8230;.<\/span><\/p>\n\t\t<\/div>\n\t<\/div><!-- .icon-box -->\n\t\n\t\n<\/div><\/div>\n<div class=\"col medium-3 small-6 large-3\"  ><div class=\"col-inner\"  >\n\n\t\t<div class=\"icon-box featured-box icon-box-center text-center\"  >\n\t\t\t\t\t<div class=\"icon-box-img\" style=\"width: 90px\">\n\t\t\t\t<div class=\"icon\">\n\t\t\t\t\t<div class=\"icon-inner\" >\n\t\t\t\t\t\t<img width=\"90\" height=\"90\" src=\"https:\/\/congtyphannguyen.com\/w\/vivaclinic\/wp-content\/uploads\/2017\/07\/icon-7.png\" class=\"attachment-medium size-medium\" alt=\"\" loading=\"lazy\" \/>\t\t\t\t\t<\/div>\n\t\t\t\t<\/div>\n\t\t\t<\/div>\n\t\t\t\t<div class=\"icon-box-text last-reset\">\n\t\t\t\t\t\t\t\t\t\n<h3 style=\"text-align: center;\"><span style=\"font-size: 100%;\"><a href=\"https:\/\/bizhostvn.com\/w\/vivaclinic\/rang-su-tham-my\/\"><span style=\"color: #000000;\">R\u0103ng s\u1ee9 th\u1ea9m m\u1ef9<\/span><\/a><\/span><\/h3>\n<p style=\"text-align: center;\"><span style=\"color: #000000; line-height: inherit; font-size: 90%;\">Lorem ipsum dolor sit amet, consectetuer adipiscing elit, sed diam nonummy nibh euismod tincidunt ut laoreet dolore magna aliquam erat volutpat&#8230;.<\/span><\/p>\n\t\t<\/div>\n\t<\/div><!-- .icon-box -->\n\t\n\t\n<\/div><\/div>\n\n<style scope=\"scope\">\n\n<\/style>\n<\/div>\n\t\t<\/div><!-- .section-content -->\n\n\t\t\n<style scope=\"scope\">\n\n#section_1198198524 {\n  padding-top: 30px;\n  padding-bottom: 30px;\n  background-color: rgb(255, 255, 255);\n}\n<\/style>\n\t<\/section>\n\t\n","protected":false},"excerpt":{"rendered":"","protected":false},"author":1,"featured_media":0,"parent":0,"menu_order":0,"comment_status":"closed","ping_status":"closed","template":"page-blank.php","meta":[],"_links":{"self":[{"href":"https:\/\/congtyphannguyen.com\/w\/vivaclinic\/wp-json\/wp\/v2\/pages\/21"}],"collection":[{"href":"https:\/\/congtyphannguyen.com\/w\/vivaclinic\/wp-json\/wp\/v2\/pages"}],"about":[{"href":"https:\/\/congtyphannguyen.com\/w\/vivaclinic\/wp-json\/wp\/v2\/types\/page"}],"author":[{"embeddable":true,"href":"https:\/\/congtyphannguyen.com\/w\/vivaclinic\/wp-json\/wp\/v2\/users\/1"}],"replies":[{"embeddable":true,"href":"https:\/\/congtyphannguyen.com\/w\/vivaclinic\/wp-json\/wp\/v2\/comments?post=21"}],"version-history":[{"count":29,"href":"https:\/\/congtyphannguyen.com\/w\/vivaclinic\/wp-json\/wp\/v2\/pages\/21\/revisions"}],"predecessor-version":[{"id":1317,"href":"https:\/\/congtyphannguyen.com\/w\/vivaclinic\/wp-json\/wp\/v2\/pages\/21\/revisions\/1317"}],"wp:attachment":[{"href":"https:\/\/congtyphannguyen.com\/w\/vivaclinic\/wp-json\/wp\/v2\/media?parent=21"}],"curies":[{"name":"wp","href":"https:\/\/api.w.org\/{rel}","templated":true}]}}